{"id":235,"date":"2019-11-27T15:04:02","date_gmt":"2019-11-27T15:04:02","guid":{"rendered":"http:\/\/schedler.info\/contact\/"},"modified":"2021-01-21T08:23:08","modified_gmt":"2021-01-21T08:23:08","slug":"contact","status":"publish","type":"page","link":"https:\/\/schedler.info\/fr\/contact\/","title":{"rendered":"Contact"},"content":{"rendered":"\n<p>Mes services de traduction ou d\u2019interpr\u00e9tation professionnelle vous int\u00e9ressent ? N\u2019h\u00e9sitez pas \u00e0 me contacter par t\u00e9l\u00e9phone au <a href=\"http:\/\/:tel\/\"><strong>+31 (0)6 29 01 44 72<\/strong><\/a> ou par courriel \u00e0 <strong><a href=\"mailto:michele@schedler.info\">michele@schedler.info<\/a><\/strong>. Le bulletin de contact ci-dessous vous permettra de demander un <strong><span style=\"color:#5a1439\" class=\"has-inline-color\">devis <\/span><\/strong>sans aucun engagement.<\/p>\n\n\n\n<div class=\"wp-block-image\"><figure class=\"aligncenter size-large is-resized\"><img loading=\"lazy\" src=\"http:\/\/schedler.info\/wp-content\/uploads\/2020\/12\/1_foto-Michele.png\" alt=\"foto-Michele-Schedler\" class=\"wp-image-295\" width=\"298\" height=\"271\" srcset=\"https:\/\/schedler.info\/wp-content\/uploads\/2020\/12\/1_foto-Michele.png 596w, https:\/\/schedler.info\/wp-content\/uploads\/2020\/12\/1_foto-Michele-300x272.png 300w\" sizes=\"(max-width: 298px) 100vw, 298px\" \/><\/figure><\/div>\n","protected":false},"excerpt":{"rendered":"<p>Mes services de traduction ou d\u2019interpr\u00e9tation professionnelle vous int\u00e9ressent ? N\u2019h\u00e9sitez pas \u00e0 me contacter par t\u00e9l\u00e9phone au +31 (0)6 29 01 44 72 ou par courriel \u00e0 michele@schedler.info. Le bulletin de contact ci-dessous vous permettra de demander un devis sans aucun engagement.<\/p>\n","protected":false},"author":1,"featured_media":349,"parent":0,"menu_order":0,"comment_status":"closed","ping_status":"closed","template":"page-contact.php","meta":[],"yoast_head":"<!-- This site is optimized with the Yoast SEO plugin v15.6.2 - https:\/\/yoast.com\/wordpress\/plugins\/seo\/ -->\n<title>Contact - Vertaalbureau Schedler<\/title>\n<meta name=\"robots\" content=\"index, follow, max-snippet:-1, max-image-preview:large, max-video-preview:-1\" \/>\n<link rel=\"canonical\" href=\"https:\/\/schedler.info\/fr\/contact\/\" \/>\n<meta property=\"og:locale\" content=\"fr_FR\" \/>\n<meta property=\"og:type\" content=\"article\" \/>\n<meta property=\"og:title\" content=\"Contact - Vertaalbureau Schedler\" \/>\n<meta property=\"og:description\" content=\"Mes services de traduction ou d\u2019interpr\u00e9tation professionnelle vous int\u00e9ressent ? N\u2019h\u00e9sitez pas \u00e0 me contacter par t\u00e9l\u00e9phone au +31 (0)6 29 01 44 72 ou par courriel \u00e0 michele@schedler.info. Le bulletin de contact ci-dessous vous permettra de demander un devis sans aucun engagement.\" \/>\n<meta property=\"og:url\" content=\"https:\/\/schedler.info\/fr\/contact\/\" \/>\n<meta property=\"og:site_name\" content=\"Vertaalbureau Schedler\" \/>\n<meta property=\"article:modified_time\" content=\"2021-01-21T08:23:08+00:00\" \/>\n<meta property=\"og:image\" content=\"https:\/\/schedler.info\/wp-content\/uploads\/2020\/12\/Achtergrond-Homepage-Schedler-Vertaalbureau.jpg\" \/>\n\t<meta property=\"og:image:width\" content=\"1920\" \/>\n\t<meta property=\"og:image:height\" content=\"1080\" \/>\n<meta name=\"twitter:card\" content=\"summary_large_image\" \/>\n<script type=\"application\/ld+json\" class=\"yoast-schema-graph\">{\"@context\":\"https:\/\/schema.org\",\"@graph\":[{\"@type\":\"WebSite\",\"@id\":\"https:\/\/schedler.info\/#website\",\"url\":\"https:\/\/schedler.info\/\",\"name\":\"Vertaalbureau Schedler\",\"description\":\"\",\"potentialAction\":[{\"@type\":\"SearchAction\",\"target\":\"https:\/\/schedler.info\/?s={search_term_string}\",\"query-input\":\"required name=search_term_string\"}],\"inLanguage\":\"fr-FR\"},{\"@type\":\"ImageObject\",\"@id\":\"https:\/\/schedler.info\/fr\/contact\/#primaryimage\",\"inLanguage\":\"fr-FR\",\"url\":\"https:\/\/schedler.info\/wp-content\/uploads\/2020\/12\/Achtergrond-Homepage-Schedler-Vertaalbureau.jpg\",\"width\":1920,\"height\":1080},{\"@type\":\"WebPage\",\"@id\":\"https:\/\/schedler.info\/fr\/contact\/#webpage\",\"url\":\"https:\/\/schedler.info\/fr\/contact\/\",\"name\":\"Contact - Vertaalbureau Schedler\",\"isPartOf\":{\"@id\":\"https:\/\/schedler.info\/#website\"},\"primaryImageOfPage\":{\"@id\":\"https:\/\/schedler.info\/fr\/contact\/#primaryimage\"},\"datePublished\":\"2019-11-27T15:04:02+00:00\",\"dateModified\":\"2021-01-21T08:23:08+00:00\",\"breadcrumb\":{\"@id\":\"https:\/\/schedler.info\/fr\/contact\/#breadcrumb\"},\"inLanguage\":\"fr-FR\",\"potentialAction\":[{\"@type\":\"ReadAction\",\"target\":[\"https:\/\/schedler.info\/fr\/contact\/\"]}]},{\"@type\":\"BreadcrumbList\",\"@id\":\"https:\/\/schedler.info\/fr\/contact\/#breadcrumb\",\"itemListElement\":[{\"@type\":\"ListItem\",\"position\":1,\"item\":{\"@type\":\"WebPage\",\"@id\":\"https:\/\/schedler.info\/fr\/\",\"url\":\"https:\/\/schedler.info\/fr\/\",\"name\":\"Home\"}},{\"@type\":\"ListItem\",\"position\":2,\"item\":{\"@type\":\"WebPage\",\"@id\":\"https:\/\/schedler.info\/fr\/contact\/\",\"url\":\"https:\/\/schedler.info\/fr\/contact\/\",\"name\":\"Contact\"}}]}]}<\/script>\n<!-- \/ Yoast SEO plugin. -->","_links":{"self":[{"href":"https:\/\/schedler.info\/fr\/wp-json\/wp\/v2\/pages\/235"}],"collection":[{"href":"https:\/\/schedler.info\/fr\/wp-json\/wp\/v2\/pages"}],"about":[{"href":"https:\/\/schedler.info\/fr\/wp-json\/wp\/v2\/types\/page"}],"author":[{"embeddable":true,"href":"https:\/\/schedler.info\/fr\/wp-json\/wp\/v2\/users\/1"}],"replies":[{"embeddable":true,"href":"https:\/\/schedler.info\/fr\/wp-json\/wp\/v2\/comments?post=235"}],"version-history":[{"count":3,"href":"https:\/\/schedler.info\/fr\/wp-json\/wp\/v2\/pages\/235\/revisions"}],"predecessor-version":[{"id":470,"href":"https:\/\/schedler.info\/fr\/wp-json\/wp\/v2\/pages\/235\/revisions\/470"}],"wp:featuredmedia":[{"embeddable":true,"href":"https:\/\/schedler.info\/fr\/wp-json\/wp\/v2\/media\/349"}],"wp:attachment":[{"href":"https:\/\/schedler.info\/fr\/wp-json\/wp\/v2\/media?parent=235"}],"curies":[{"name":"wp","href":"https:\/\/api.w.org\/{rel}","templated":true}]}}