{"id":227,"date":"2019-11-27T15:41:22","date_gmt":"2019-11-27T15:41:22","guid":{"rendered":"http:\/\/schedler.info\/portfolio\/"},"modified":"2021-01-19T18:02:47","modified_gmt":"2021-01-19T18:02:47","slug":"portfolio","status":"publish","type":"page","link":"https:\/\/schedler.info\/fr\/portfolio\/","title":{"rendered":"Portfolio"},"content":{"rendered":"\n<h2><span style=\"color:#5a1439\" class=\"has-inline-color\">La diversit\u00e9 est le mot-cl\u00e9 de mon travail<\/span><\/h2>\n\n\n\n<p>Afin de vous donner une impression de la <strong><span style=\"color:#5a1439\" class=\"has-inline-color\">diversit\u00e9 <\/span><\/strong>de mes missions, vous trouverez ci-dessous une liste non exhaustive de clients pour lesquels j\u2019ai eu le plaisir de travailler.<\/p>\n\n\n\n<h3><span style=\"color:#5a1439\" class=\"has-inline-color\">Clients<\/span><\/h3>\n\n\n\n<ul><li>Minist\u00e8re n\u00e9erlandais des Affaires sociales et de l\u2019Emploi<\/li><li>Conseil \u00e9conomique et social des Pays-Bas<\/li><li>Conf\u00e9d\u00e9ration des syndicats n\u00e9erlandais (FNV)<\/li><li>Ambassade du Royaume des Pays-Bas \u00e0 Paris<\/li><li>Norbert Dentressangle (logistics) <\/li><li>Architecte Jean Nouvel <\/li><li>Europan (concours d\u2019architecture et d\u2019urbanisme)<\/li><li>Chambre nationale des notaires des Pays-Bas<\/li><li>Conseil de discipline pour la navigation maritime des Pays-Bas<\/li><li>Union internationale de l\u2019industrie du gaz<\/li><li>Disneyland Paris <\/li><li>Parc d\u2019attraction Sixflags<\/li><li>Royal de Luxe (Th\u00e9\u00e2tre de rue \u00e0 Leeuwarden, Capitale europ\u00e9enne de la culture)<\/li><li>Nederlands Dans Theater (Compagnie n\u00e9erlandaise de danse contemporaine)<\/li><li>Gemeentelijk Vervoerbedrijf Groningen (R\u00e9gie municipale des transports publics)<\/li><li>FrieslandCampina (coop\u00e9rative laiti\u00e8re)<\/li><\/ul>\n\n\n\n<div class=\"wp-block-image\"><figure class=\"aligncenter size-large is-resized\"><img loading=\"lazy\" src=\"http:\/\/schedler.info\/wp-content\/uploads\/2020\/12\/boek-vertalen-vertaaldiensten-1024x420.jpeg\" alt=\"\" class=\"wp-image-368\" width=\"512\" height=\"210\" srcset=\"https:\/\/schedler.info\/wp-content\/uploads\/2020\/12\/boek-vertalen-vertaaldiensten-1024x420.jpeg 1024w, https:\/\/schedler.info\/wp-content\/uploads\/2020\/12\/boek-vertalen-vertaaldiensten-300x123.jpeg 300w, https:\/\/schedler.info\/wp-content\/uploads\/2020\/12\/boek-vertalen-vertaaldiensten-768x315.jpeg 768w, https:\/\/schedler.info\/wp-content\/uploads\/2020\/12\/boek-vertalen-vertaaldiensten-1536x630.jpeg 1536w, https:\/\/schedler.info\/wp-content\/uploads\/2020\/12\/boek-vertalen-vertaaldiensten-2048x840.jpeg 2048w\" sizes=\"(max-width: 512px) 100vw, 512px\" \/><\/figure><\/div>\n\n\n\n<h3><span style=\"color:#5a1439\" class=\"has-inline-color\">Livres et catalogues traduits<\/span><\/h3>\n\n\n\n<ul id=\"block-8ca71de4-f0b3-4df2-99c7-129881a9a75e\"><li><em>The Fashion World of Jean Paul Gaultier: From the Sidewalk to the Catwalk<\/em>; Kunsthal Rotterdam, 2013 <\/li><li>Yann Arthus-Bertrand: <em>De Mens en de Zee<\/em> (L\u2019Homme et La Mer); Lannoo, 2013 <\/li><li><em>Maillol<\/em>; Kunsthal Rotterdam, 2012 <\/li><li><em>De verborgen schatten van Afghanistan<\/em> (Les tr\u00e9sors cach\u00e9s de l\u2019Afghanistan); KIT Publishers, 2008 <\/li><li><em>Marokko, 5000 jaar cultuur<\/em> (Maroc, 5000 ans de culture); KIT Publishers, 2005 <\/li><li><em>De mooiste herinneringen aan onze reizen in Frankrijk<\/em> (Les plus beaux souvenirs de nos voyages en France); \u00e9dition comm\u00e9morative Michelin, 1996 <\/li><li>Patrick Barbier: <em>Triomf en tragiek der castraten<\/em> (Histoire des castrats); Bruna, 1991 <\/li><li>Quasiment toute la gamme des <em>Guides Michelin Verts<\/em> <\/li><li>Guide Michelin Rouge Benelux 2003<\/li><\/ul>\n","protected":false},"excerpt":{"rendered":"<p>Afin de vous donner une impression de la diversit\u00e9 de mes missions, vous trouverez ci-dessous une liste non exhaustive de clients pour lesquels j\u2019ai eu le plaisir de travailler.<\/p>\n","protected":false},"author":1,"featured_media":356,"parent":0,"menu_order":0,"comment_status":"closed","ping_status":"closed","template":"","meta":[],"yoast_head":"<!-- This site is optimized with the Yoast SEO plugin v15.6.2 - https:\/\/yoast.com\/wordpress\/plugins\/seo\/ -->\n<title>Portfolio - Vertaalbureau Schedler<\/title>\n<meta name=\"robots\" content=\"index, follow, max-snippet:-1, max-image-preview:large, max-video-preview:-1\" \/>\n<link rel=\"canonical\" href=\"https:\/\/schedler.info\/fr\/portfolio\/\" \/>\n<meta property=\"og:locale\" content=\"fr_FR\" \/>\n<meta property=\"og:type\" content=\"article\" \/>\n<meta property=\"og:title\" content=\"Portfolio - Vertaalbureau Schedler\" \/>\n<meta property=\"og:description\" content=\"Afin de vous donner une impression de la diversit\u00e9 de mes missions, vous trouverez ci-dessous une liste non exhaustive de clients pour lesquels j\u2019ai eu le plaisir de travailler.\" \/>\n<meta property=\"og:url\" content=\"https:\/\/schedler.info\/fr\/portfolio\/\" \/>\n<meta property=\"og:site_name\" content=\"Vertaalbureau Schedler\" \/>\n<meta property=\"article:modified_time\" content=\"2021-01-19T18:02:47+00:00\" \/>\n<meta property=\"og:image\" content=\"https:\/\/schedler.info\/wp-content\/uploads\/2020\/12\/Portfolio-Schedler-Vertaalbureau-scaled.jpeg\" \/>\n\t<meta property=\"og:image:width\" content=\"2560\" \/>\n\t<meta property=\"og:image:height\" content=\"1362\" \/>\n<meta name=\"twitter:card\" content=\"summary_large_image\" \/>\n<meta name=\"twitter:label1\" content=\"Dur\u00e9e de lecture est.\">\n\t<meta name=\"twitter:data1\" content=\"1 minute\">\n<script type=\"application\/ld+json\" class=\"yoast-schema-graph\">{\"@context\":\"https:\/\/schema.org\",\"@graph\":[{\"@type\":\"WebSite\",\"@id\":\"https:\/\/schedler.info\/#website\",\"url\":\"https:\/\/schedler.info\/\",\"name\":\"Vertaalbureau Schedler\",\"description\":\"\",\"potentialAction\":[{\"@type\":\"SearchAction\",\"target\":\"https:\/\/schedler.info\/?s={search_term_string}\",\"query-input\":\"required name=search_term_string\"}],\"inLanguage\":\"fr-FR\"},{\"@type\":\"ImageObject\",\"@id\":\"https:\/\/schedler.info\/fr\/portfolio\/#primaryimage\",\"inLanguage\":\"fr-FR\",\"url\":\"https:\/\/schedler.info\/wp-content\/uploads\/2020\/12\/Portfolio-Schedler-Vertaalbureau-scaled.jpeg\",\"width\":2560,\"height\":1362,\"caption\":\"Businessman touching global network and data customer connection on space background\"},{\"@type\":\"WebPage\",\"@id\":\"https:\/\/schedler.info\/fr\/portfolio\/#webpage\",\"url\":\"https:\/\/schedler.info\/fr\/portfolio\/\",\"name\":\"Portfolio - Vertaalbureau Schedler\",\"isPartOf\":{\"@id\":\"https:\/\/schedler.info\/#website\"},\"primaryImageOfPage\":{\"@id\":\"https:\/\/schedler.info\/fr\/portfolio\/#primaryimage\"},\"datePublished\":\"2019-11-27T15:41:22+00:00\",\"dateModified\":\"2021-01-19T18:02:47+00:00\",\"breadcrumb\":{\"@id\":\"https:\/\/schedler.info\/fr\/portfolio\/#breadcrumb\"},\"inLanguage\":\"fr-FR\",\"potentialAction\":[{\"@type\":\"ReadAction\",\"target\":[\"https:\/\/schedler.info\/fr\/portfolio\/\"]}]},{\"@type\":\"BreadcrumbList\",\"@id\":\"https:\/\/schedler.info\/fr\/portfolio\/#breadcrumb\",\"itemListElement\":[{\"@type\":\"ListItem\",\"position\":1,\"item\":{\"@type\":\"WebPage\",\"@id\":\"https:\/\/schedler.info\/fr\/\",\"url\":\"https:\/\/schedler.info\/fr\/\",\"name\":\"Home\"}},{\"@type\":\"ListItem\",\"position\":2,\"item\":{\"@type\":\"WebPage\",\"@id\":\"https:\/\/schedler.info\/fr\/portfolio\/\",\"url\":\"https:\/\/schedler.info\/fr\/portfolio\/\",\"name\":\"Portfolio\"}}]}]}<\/script>\n<!-- \/ Yoast SEO plugin. -->","_links":{"self":[{"href":"https:\/\/schedler.info\/fr\/wp-json\/wp\/v2\/pages\/227"}],"collection":[{"href":"https:\/\/schedler.info\/fr\/wp-json\/wp\/v2\/pages"}],"about":[{"href":"https:\/\/schedler.info\/fr\/wp-json\/wp\/v2\/types\/page"}],"author":[{"embeddable":true,"href":"https:\/\/schedler.info\/fr\/wp-json\/wp\/v2\/users\/1"}],"replies":[{"embeddable":true,"href":"https:\/\/schedler.info\/fr\/wp-json\/wp\/v2\/comments?post=227"}],"version-history":[{"count":7,"href":"https:\/\/schedler.info\/fr\/wp-json\/wp\/v2\/pages\/227\/revisions"}],"predecessor-version":[{"id":460,"href":"https:\/\/schedler.info\/fr\/wp-json\/wp\/v2\/pages\/227\/revisions\/460"}],"wp:featuredmedia":[{"embeddable":true,"href":"https:\/\/schedler.info\/fr\/wp-json\/wp\/v2\/media\/356"}],"wp:attachment":[{"href":"https:\/\/schedler.info\/fr\/wp-json\/wp\/v2\/media?parent=227"}],"curies":[{"name":"wp","href":"https:\/\/api.w.org\/{rel}","templated":true}]}}