{"id":219,"date":"2019-11-27T14:59:34","date_gmt":"2019-11-27T14:59:34","guid":{"rendered":"http:\/\/schedler.info\/tarieven\/"},"modified":"2021-01-14T17:00:13","modified_gmt":"2021-01-14T17:00:13","slug":"tarifs","status":"publish","type":"page","link":"https:\/\/schedler.info\/fr\/tarifs\/","title":{"rendered":"Tarifs"},"content":{"rendered":"\n<p>Les prix des <strong><span style=\"color:#5a1439\" class=\"has-inline-color\">traductions <\/span><\/strong>se situent entre 0,16 \u20ac et 0,20 \u20ac\/mot (compte-mot automatique), en fonction de la nature du texte, du volume, du d\u00e9lai de livraison et de la certification ou non de la traduction. Le tarif minimum est de 50 \u20ac. Lorsqu\u2019un tarif par mot n\u2019est pas applicable, par exemple en cas de r\u00e9vision ou d\u2019adaptation de traductions existantes, un tarif horaire de 75 \u20ac est pratiqu\u00e9.<\/p>\n\n\n\n<p>Les <strong><span style=\"color:#5a1439\" class=\"has-inline-color\">services <\/span><\/strong><span style=\"color:#5a1439\" class=\"has-inline-color\"><strong>d\u2019interpr\u00e9tation<\/strong> <\/span>sur place, par t\u00e9l\u00e9phone ou visioconf\u00e9rence sont bas\u00e9s sur un prix horaire (\u00e0 partir de 80 \u20ac) ou un prix journalier (350 \u20ac\/demi-journ\u00e9e et 650 \u20ac\/jour), frais de pr\u00e9paration et de d\u00e9placement non compris. Tous les prix mentionn\u00e9s sont hors taxes (TVA au taux de 21 %). Les <span style=\"color:#5a1439\" class=\"has-inline-color\"><strong>agences de traduction<\/strong><\/span> b\u00e9n\u00e9ficient de tarifs sp\u00e9ciaux.<\/p>\n\n\n\n<p>Vertaalbureau Schedler est immatricul\u00e9e \u00e0 la <strong><span style=\"color:#5a1439\" class=\"has-inline-color\">Chambre de Commerce<\/span><\/strong> de Groningue sous le <strong><span style=\"color:#5a1439\" class=\"has-inline-color\">no 01157029<\/span><\/strong>. Toutes les prestations sont r\u00e9gies par les <strong><a href=\"http:\/\/schedler.info\/wp-content\/uploads\/2021\/01\/SIGV-FR_Algemene-Voorwaarden.pdf\">Conditions g\u00e9n\u00e9rales<\/a><\/strong> des membres de l\u2019Association des interpr\u00e8tes et traducteurs juridiques SIGV, d\u00e9pos\u00e9es le 19 janvier 2012 \u00e0 la Chambre de Commerce d\u2019Utrecht sous le no 40483447.<\/p>\n","protected":false},"excerpt":{"rendered":"<p>Les prix des traductions se situent entre 0,16 \u20ac et 0,20 \u20ac\/mot (compte-mot automatique), en fonction de la nature du texte, du volume, du d\u00e9lai de livraison et de la certification ou non de la traduction.<\/p>\n","protected":false},"author":1,"featured_media":290,"parent":0,"menu_order":0,"comment_status":"closed","ping_status":"closed","template":"","meta":[],"yoast_head":"<!-- This site is optimized with the Yoast SEO plugin v15.6.2 - https:\/\/yoast.com\/wordpress\/plugins\/seo\/ -->\n<title>Tarifs - Vertaalbureau Schedler<\/title>\n<meta name=\"robots\" content=\"index, follow, max-snippet:-1, max-image-preview:large, max-video-preview:-1\" \/>\n<link rel=\"canonical\" href=\"https:\/\/schedler.info\/fr\/tarifs\/\" \/>\n<meta property=\"og:locale\" content=\"fr_FR\" \/>\n<meta property=\"og:type\" content=\"article\" \/>\n<meta property=\"og:title\" content=\"Tarifs - Vertaalbureau Schedler\" \/>\n<meta property=\"og:description\" content=\"Les prix des traductions se situent entre 0,16 \u20ac et 0,20 \u20ac\/mot (compte-mot automatique), en fonction de la nature du texte, du volume, du d\u00e9lai de livraison et de la certification ou non de la traduction.\" \/>\n<meta property=\"og:url\" content=\"https:\/\/schedler.info\/fr\/tarifs\/\" \/>\n<meta property=\"og:site_name\" content=\"Vertaalbureau Schedler\" \/>\n<meta property=\"article:modified_time\" content=\"2021-01-14T17:00:13+00:00\" \/>\n<meta property=\"og:image\" content=\"https:\/\/schedler.info\/wp-content\/uploads\/2020\/12\/Vertaalburea-Schedler-vertalingen-tarieven-scaled.jpg\" \/>\n\t<meta property=\"og:image:width\" content=\"2560\" \/>\n\t<meta property=\"og:image:height\" content=\"1601\" \/>\n<meta name=\"twitter:card\" content=\"summary_large_image\" \/>\n<meta name=\"twitter:label1\" content=\"Dur\u00e9e de lecture est.\">\n\t<meta name=\"twitter:data1\" content=\"1 minute\">\n<script type=\"application\/ld+json\" class=\"yoast-schema-graph\">{\"@context\":\"https:\/\/schema.org\",\"@graph\":[{\"@type\":\"WebSite\",\"@id\":\"https:\/\/schedler.info\/#website\",\"url\":\"https:\/\/schedler.info\/\",\"name\":\"Vertaalbureau Schedler\",\"description\":\"\",\"potentialAction\":[{\"@type\":\"SearchAction\",\"target\":\"https:\/\/schedler.info\/?s={search_term_string}\",\"query-input\":\"required name=search_term_string\"}],\"inLanguage\":\"fr-FR\"},{\"@type\":\"ImageObject\",\"@id\":\"https:\/\/schedler.info\/fr\/tarifs\/#primaryimage\",\"inLanguage\":\"fr-FR\",\"url\":\"https:\/\/schedler.info\/wp-content\/uploads\/2020\/12\/Vertaalburea-Schedler-vertalingen-tarieven-scaled.jpg\",\"width\":2560,\"height\":1601,\"caption\":\"Sign, percent symbol discount on wooden table\"},{\"@type\":\"WebPage\",\"@id\":\"https:\/\/schedler.info\/fr\/tarifs\/#webpage\",\"url\":\"https:\/\/schedler.info\/fr\/tarifs\/\",\"name\":\"Tarifs - Vertaalbureau Schedler\",\"isPartOf\":{\"@id\":\"https:\/\/schedler.info\/#website\"},\"primaryImageOfPage\":{\"@id\":\"https:\/\/schedler.info\/fr\/tarifs\/#primaryimage\"},\"datePublished\":\"2019-11-27T14:59:34+00:00\",\"dateModified\":\"2021-01-14T17:00:13+00:00\",\"breadcrumb\":{\"@id\":\"https:\/\/schedler.info\/fr\/tarifs\/#breadcrumb\"},\"inLanguage\":\"fr-FR\",\"potentialAction\":[{\"@type\":\"ReadAction\",\"target\":[\"https:\/\/schedler.info\/fr\/tarifs\/\"]}]},{\"@type\":\"BreadcrumbList\",\"@id\":\"https:\/\/schedler.info\/fr\/tarifs\/#breadcrumb\",\"itemListElement\":[{\"@type\":\"ListItem\",\"position\":1,\"item\":{\"@type\":\"WebPage\",\"@id\":\"https:\/\/schedler.info\/fr\/\",\"url\":\"https:\/\/schedler.info\/fr\/\",\"name\":\"Home\"}},{\"@type\":\"ListItem\",\"position\":2,\"item\":{\"@type\":\"WebPage\",\"@id\":\"https:\/\/schedler.info\/fr\/tarifs\/\",\"url\":\"https:\/\/schedler.info\/fr\/tarifs\/\",\"name\":\"Tarifs\"}}]}]}<\/script>\n<!-- \/ Yoast SEO plugin. -->","_links":{"self":[{"href":"https:\/\/schedler.info\/fr\/wp-json\/wp\/v2\/pages\/219"}],"collection":[{"href":"https:\/\/schedler.info\/fr\/wp-json\/wp\/v2\/pages"}],"about":[{"href":"https:\/\/schedler.info\/fr\/wp-json\/wp\/v2\/types\/page"}],"author":[{"embeddable":true,"href":"https:\/\/schedler.info\/fr\/wp-json\/wp\/v2\/users\/1"}],"replies":[{"embeddable":true,"href":"https:\/\/schedler.info\/fr\/wp-json\/wp\/v2\/comments?post=219"}],"version-history":[{"count":4,"href":"https:\/\/schedler.info\/fr\/wp-json\/wp\/v2\/pages\/219\/revisions"}],"predecessor-version":[{"id":448,"href":"https:\/\/schedler.info\/fr\/wp-json\/wp\/v2\/pages\/219\/revisions\/448"}],"wp:featuredmedia":[{"embeddable":true,"href":"https:\/\/schedler.info\/fr\/wp-json\/wp\/v2\/media\/290"}],"wp:attachment":[{"href":"https:\/\/schedler.info\/fr\/wp-json\/wp\/v2\/media?parent=219"}],"curies":[{"name":"wp","href":"https:\/\/api.w.org\/{rel}","templated":true}]}}