{"id":209,"date":"2019-11-27T15:41:46","date_gmt":"2019-11-27T15:41:46","guid":{"rendered":"http:\/\/schedler.info\/vertaal-en-tolkdiensten\/"},"modified":"2021-01-21T08:21:38","modified_gmt":"2021-01-21T08:21:38","slug":"services-de-traduction-et-dinterpretation","status":"publish","type":"page","link":"https:\/\/schedler.info\/fr\/services-de-traduction-et-dinterpretation\/","title":{"rendered":"Services de traduction et d&#8217;interpr\u00e9tation"},"content":{"rendered":"\n<h2><strong><span style=\"color:#5a1439\" class=\"has-inline-color\">Comme traductrice, je prends pleinement conscience du poids des mots<\/span><\/strong><\/h2>\n\n\n\n<p>Au fil des ans, j\u2019ai acquis une large exp\u00e9rience dans la <strong><span style=\"color:#5a1439\" class=\"has-inline-color\">traduction <\/span><\/strong>des textes les plus divers, notamment des <strong><span style=\"color:#5a1439\" class=\"has-inline-color\">documents juridiques <\/span><\/strong>mais aussi des <strong><span style=\"color:#5a1439\" class=\"has-inline-color\">correspondances commerciales, manuels techniques, sites web, catalogues de mus\u00e9es, guides <\/span><\/strong><span style=\"color:#5a1439\" class=\"has-inline-color\"><strong>touristiques<\/strong> <\/span>et autres. Les traductions font l\u2019objet d\u2019une r\u00e9vision par un de mes coll\u00e8gues et peuvent \u00eatre livr\u00e9es sous toute forme d\u00e9sir\u00e9e. Pour les traductions asserment\u00e9es, je peux \u00e9galement vous faire d\u00e9livrer une apostille par le tribunal.<\/p>\n\n\n\n<div class=\"wp-block-image is-style-default\"><figure class=\"aligncenter size-large is-resized\"><img loading=\"lazy\" src=\"http:\/\/schedler.info\/wp-content\/uploads\/2021\/01\/vertaler-vertaalbureau-schedler-1024x1024-1.jpg\" alt=\"\" class=\"wp-image-415\" width=\"256\" height=\"228\" srcset=\"https:\/\/schedler.info\/wp-content\/uploads\/2021\/01\/vertaler-vertaalbureau-schedler-1024x1024-1.jpg 1024w, https:\/\/schedler.info\/wp-content\/uploads\/2021\/01\/vertaler-vertaalbureau-schedler-1024x1024-1-300x267.jpg 300w, https:\/\/schedler.info\/wp-content\/uploads\/2021\/01\/vertaler-vertaalbureau-schedler-1024x1024-1-768x683.jpg 768w\" sizes=\"(max-width: 256px) 100vw, 256px\" \/><\/figure><\/div>\n\n\n\n<div class=\"wp-block-columns\">\n<div class=\"wp-block-column\" style=\"flex-basis:33.33%\"><\/div>\n\n\n\n<div class=\"wp-block-column\" style=\"flex-basis:66.66%\"><\/div>\n<\/div>\n\n\n\n<h2><span style=\"color:#5a1439\" class=\"has-inline-color\">L\u2019interpr\u00e8te permet aux personnes d\u2019horizons diff\u00e9rents de communiquer comme si elles parlaient la m\u00eame langue<\/span><\/h2>\n\n\n\n<p>En tant qu\u2019<strong><span style=\"color:#5a1439\" class=\"has-inline-color\">interpr\u00e8te de justice dipl\u00f4m\u00e9e<\/span><\/strong> (comparable \u00e0 l\u2019interpr\u00e8te expert pr\u00e8s les cours en France), je travaille pour les services de police, tribunaux, avocats et notaires. En outre, j\u2019interviens comme <strong><span style=\"color:#5a1439\" class=\"has-inline-color\">interpr\u00e8te de liaison <\/span><\/strong>et fournis des services d\u2019interpr\u00e9tation pour les <strong><span style=\"color:#5a1439\" class=\"has-inline-color\">entreprises<\/span><\/strong>, tant en mode <strong><span style=\"color:#5a1439\" class=\"has-inline-color\">cons\u00e9cutif <\/span><\/strong>qu\u2019en mode <strong><span style=\"color:#5a1439\" class=\"has-inline-color\">simultan\u00e9<\/span><\/strong>. En effet, l\u2019exp\u00e9rience montre que les entretiens commerciaux sont beaucoup plus fructueux lorsque tous les interlocuteurs peuvent s\u2019exprimer dans leur propre langue. Il va sans dire que les services d\u2019interpr\u00e9tation \u00e0 l\u2019ext\u00e9rieur des Pays-Bas sont \u00e9galement possibles.<\/p>\n\n\n\n<div class=\"wp-block-image\"><figure class=\"aligncenter size-large is-resized\"><img loading=\"lazy\" src=\"http:\/\/schedler.info\/wp-content\/uploads\/2020\/12\/juridische-vertalingen-1024x724.jpeg\" alt=\"juridische-vertalingen\" class=\"wp-image-361\" width=\"256\" height=\"181\" srcset=\"https:\/\/schedler.info\/wp-content\/uploads\/2020\/12\/juridische-vertalingen-1024x724.jpeg 1024w, https:\/\/schedler.info\/wp-content\/uploads\/2020\/12\/juridische-vertalingen-300x212.jpeg 300w, https:\/\/schedler.info\/wp-content\/uploads\/2020\/12\/juridische-vertalingen-768x543.jpeg 768w, https:\/\/schedler.info\/wp-content\/uploads\/2020\/12\/juridische-vertalingen-1536x1086.jpeg 1536w, https:\/\/schedler.info\/wp-content\/uploads\/2020\/12\/juridische-vertalingen-2048x1448.jpeg 2048w\" sizes=\"(max-width: 256px) 100vw, 256px\" \/><\/figure><\/div>\n\n\n\n<h2><span style=\"color:#5a1439\" class=\"has-inline-color\">Confidentialit\u00e9<\/span><\/h2>\n\n\n\n<p>L\u2019ensemble des informations et documents qui me sont envoy\u00e9s par un client (en puissance) sont trait\u00e9s avec la plus grande <strong><span style=\"color:#5a1439\" class=\"has-inline-color\">confidentialit\u00e9<\/span><\/strong>. Ces informations et le contenu de tels documents ne seront pas divulgu\u00e9s \u00e0 des tiers, sauf obligation l\u00e9gale ou avec le consentement expr\u00e8s du client.<\/p>\n\n\n\n<div class=\"wp-block-image\"><figure class=\"aligncenter size-large is-resized\"><img loading=\"lazy\" src=\"http:\/\/schedler.info\/wp-content\/uploads\/2020\/12\/Schedler-vertaalbureau-geheimhouding-1024x634.jpg\" alt=\"Schedler-vertaalbureau-geheimhouding\" class=\"wp-image-315\" width=\"256\" height=\"159\" srcset=\"https:\/\/schedler.info\/wp-content\/uploads\/2020\/12\/Schedler-vertaalbureau-geheimhouding-1024x634.jpg 1024w, https:\/\/schedler.info\/wp-content\/uploads\/2020\/12\/Schedler-vertaalbureau-geheimhouding-300x186.jpg 300w, https:\/\/schedler.info\/wp-content\/uploads\/2020\/12\/Schedler-vertaalbureau-geheimhouding-768x475.jpg 768w, https:\/\/schedler.info\/wp-content\/uploads\/2020\/12\/Schedler-vertaalbureau-geheimhouding-1536x950.jpg 1536w, https:\/\/schedler.info\/wp-content\/uploads\/2020\/12\/Schedler-vertaalbureau-geheimhouding-2048x1267.jpg 2048w\" sizes=\"(max-width: 256px) 100vw, 256px\" \/><\/figure><\/div>\n","protected":false},"excerpt":{"rendered":"<p>Au fil des ans, j\u2019ai acquis une large exp\u00e9rience dans la traduction des textes les plus divers, notamment des documents juridiques mais aussi des correspondances commerciales, manuels techniques, sites web, catalogues de mus\u00e9es, guides touristiques et autres. <\/p>\n","protected":false},"author":1,"featured_media":314,"parent":0,"menu_order":0,"comment_status":"closed","ping_status":"closed","template":"","meta":[],"yoast_head":"<!-- This site is optimized with the Yoast SEO plugin v15.6.2 - https:\/\/yoast.com\/wordpress\/plugins\/seo\/ -->\n<title>Services de traduction et d&#039;interpr\u00e9tation - Vertaalbureau Schedler<\/title>\n<meta name=\"robots\" content=\"index, follow, max-snippet:-1, max-image-preview:large, max-video-preview:-1\" \/>\n<link rel=\"canonical\" href=\"https:\/\/schedler.info\/fr\/services-de-traduction-et-dinterpretation\/\" \/>\n<meta property=\"og:locale\" content=\"fr_FR\" \/>\n<meta property=\"og:type\" content=\"article\" \/>\n<meta property=\"og:title\" content=\"Services de traduction et d&#039;interpr\u00e9tation - Vertaalbureau Schedler\" \/>\n<meta property=\"og:description\" content=\"Au fil des ans, j\u2019ai acquis une large exp\u00e9rience dans la traduction des textes les plus divers, notamment des documents juridiques mais aussi des correspondances commerciales, manuels techniques, sites web, catalogues de mus\u00e9es, guides touristiques et autres.\" \/>\n<meta property=\"og:url\" content=\"https:\/\/schedler.info\/fr\/services-de-traduction-et-dinterpretation\/\" \/>\n<meta property=\"og:site_name\" content=\"Vertaalbureau Schedler\" \/>\n<meta property=\"article:modified_time\" content=\"2021-01-21T08:21:38+00:00\" \/>\n<meta property=\"og:image\" content=\"https:\/\/schedler.info\/wp-content\/uploads\/2020\/12\/vertalingen-tolk-frans-1-scaled.jpg\" \/>\n\t<meta property=\"og:image:width\" content=\"2560\" \/>\n\t<meta property=\"og:image:height\" content=\"2560\" \/>\n<meta name=\"twitter:card\" content=\"summary_large_image\" \/>\n<meta name=\"twitter:label1\" content=\"Dur\u00e9e de lecture est.\">\n\t<meta name=\"twitter:data1\" content=\"1 minute\">\n<script type=\"application\/ld+json\" class=\"yoast-schema-graph\">{\"@context\":\"https:\/\/schema.org\",\"@graph\":[{\"@type\":\"WebSite\",\"@id\":\"https:\/\/schedler.info\/#website\",\"url\":\"https:\/\/schedler.info\/\",\"name\":\"Vertaalbureau Schedler\",\"description\":\"\",\"potentialAction\":[{\"@type\":\"SearchAction\",\"target\":\"https:\/\/schedler.info\/?s={search_term_string}\",\"query-input\":\"required name=search_term_string\"}],\"inLanguage\":\"fr-FR\"},{\"@type\":\"ImageObject\",\"@id\":\"https:\/\/schedler.info\/fr\/services-de-traduction-et-dinterpretation\/#primaryimage\",\"inLanguage\":\"fr-FR\",\"url\":\"https:\/\/schedler.info\/wp-content\/uploads\/2020\/12\/vertalingen-tolk-frans-1-scaled.jpg\",\"width\":2560,\"height\":2560,\"caption\":\"vertalingen-tolk-frans\"},{\"@type\":\"WebPage\",\"@id\":\"https:\/\/schedler.info\/fr\/services-de-traduction-et-dinterpretation\/#webpage\",\"url\":\"https:\/\/schedler.info\/fr\/services-de-traduction-et-dinterpretation\/\",\"name\":\"Services de traduction et d'interpr\\u00e9tation - Vertaalbureau Schedler\",\"isPartOf\":{\"@id\":\"https:\/\/schedler.info\/#website\"},\"primaryImageOfPage\":{\"@id\":\"https:\/\/schedler.info\/fr\/services-de-traduction-et-dinterpretation\/#primaryimage\"},\"datePublished\":\"2019-11-27T15:41:46+00:00\",\"dateModified\":\"2021-01-21T08:21:38+00:00\",\"breadcrumb\":{\"@id\":\"https:\/\/schedler.info\/fr\/services-de-traduction-et-dinterpretation\/#breadcrumb\"},\"inLanguage\":\"fr-FR\",\"potentialAction\":[{\"@type\":\"ReadAction\",\"target\":[\"https:\/\/schedler.info\/fr\/services-de-traduction-et-dinterpretation\/\"]}]},{\"@type\":\"BreadcrumbList\",\"@id\":\"https:\/\/schedler.info\/fr\/services-de-traduction-et-dinterpretation\/#breadcrumb\",\"itemListElement\":[{\"@type\":\"ListItem\",\"position\":1,\"item\":{\"@type\":\"WebPage\",\"@id\":\"https:\/\/schedler.info\/fr\/\",\"url\":\"https:\/\/schedler.info\/fr\/\",\"name\":\"Home\"}},{\"@type\":\"ListItem\",\"position\":2,\"item\":{\"@type\":\"WebPage\",\"@id\":\"https:\/\/schedler.info\/fr\/services-de-traduction-et-dinterpretation\/\",\"url\":\"https:\/\/schedler.info\/fr\/services-de-traduction-et-dinterpretation\/\",\"name\":\"Services de traduction et d&#8217;interpr\\u00e9tation\"}}]}]}<\/script>\n<!-- \/ Yoast SEO plugin. -->","_links":{"self":[{"href":"https:\/\/schedler.info\/fr\/wp-json\/wp\/v2\/pages\/209"}],"collection":[{"href":"https:\/\/schedler.info\/fr\/wp-json\/wp\/v2\/pages"}],"about":[{"href":"https:\/\/schedler.info\/fr\/wp-json\/wp\/v2\/types\/page"}],"author":[{"embeddable":true,"href":"https:\/\/schedler.info\/fr\/wp-json\/wp\/v2\/users\/1"}],"replies":[{"embeddable":true,"href":"https:\/\/schedler.info\/fr\/wp-json\/wp\/v2\/comments?post=209"}],"version-history":[{"count":5,"href":"https:\/\/schedler.info\/fr\/wp-json\/wp\/v2\/pages\/209\/revisions"}],"predecessor-version":[{"id":467,"href":"https:\/\/schedler.info\/fr\/wp-json\/wp\/v2\/pages\/209\/revisions\/467"}],"wp:featuredmedia":[{"embeddable":true,"href":"https:\/\/schedler.info\/fr\/wp-json\/wp\/v2\/media\/314"}],"wp:attachment":[{"href":"https:\/\/schedler.info\/fr\/wp-json\/wp\/v2\/media?parent=209"}],"curies":[{"name":"wp","href":"https:\/\/api.w.org\/{rel}","templated":true}]}}